{"id":1071,"date":"2024-04-15T14:10:26","date_gmt":"2024-04-15T12:10:26","guid":{"rendered":"http:\/\/bernarduchene.org\/?page_id=1071"},"modified":"2024-04-15T14:11:30","modified_gmt":"2024-04-15T12:11:30","slug":"construire","status":"publish","type":"page","link":"https:\/\/bernarduchene.org\/index.php\/construire\/","title":{"rendered":"Construire"},"content":{"rendered":"\n<p>En 1967 je rentre aux Arts appliqu\u00e9s, \u00e0 Duperr\u00e9.<br>Je d\u00e9cide de me consacrer \u00e0 la peinture \u00e0 partir de 1984.&nbsp;<\/p>\n\n\n\n<p>En 1996 je reprends une formation \u00e0 Paris VIII o\u00f9 je fais une ma\u00eetrise d\u2019Arts Plastiques, pr\u00e9parant parall\u00e8lement le CAPES. Ma peinture subit alors un grand bouleversement et j\u2019entreprends un travail o\u00f9 le fond est partie int\u00e9grante et visible de l&rsquo;\u0153uvre.<br><\/p>\n\n\n\n<p>Le lien est la pr\u00e9occupation essentielle dans mon travail.<br>Les fils assument leur fonction de relier, d\u2019attacher, de r\u00e9parer s\u2019il se peut<\/p>\n\n\n\n<p>Pr\u00e9sents dans ma peinture depuis le d\u00e9but de mon expression artistique, ils ont progressivement pris corps et sont devenus r\u00e9alit\u00e9.<\/p>\n\n\n\n<p>Je couds les chutes de toile pour ne rien perdre, j\u2019utilise des carr\u00e9s de papier recycl\u00e9, je les assemble au moyen de la couture pour r\u00e9aliser les grands formats.<\/p>\n\n\n\n<p>La nature, indissociable de nos vies, est ma grande source d\u2019inspiration.<\/p>\n\n\n\n<figure class=\"wp-block-image size-full\"><img loading=\"lazy\" decoding=\"async\" width=\"683\" height=\"1000\" src=\"https:\/\/bernarduchene.org\/wp-content\/uploads\/2019\/03\/Devenue-mer-II.jpg\" alt=\"\" class=\"wp-image-610\" srcset=\"https:\/\/bernarduchene.org\/wp-content\/uploads\/2019\/03\/Devenue-mer-II.jpg 683w, https:\/\/bernarduchene.org\/wp-content\/uploads\/2019\/03\/Devenue-mer-II-205x300.jpg 205w, https:\/\/bernarduchene.org\/wp-content\/uploads\/2019\/03\/Devenue-mer-II-525x768.jpg 525w\" sizes=\"(max-width: 683px) 100vw, 683px\" \/><\/figure>\n","protected":false},"excerpt":{"rendered":"<p>En 1967 je rentre aux Arts appliqu\u00e9s, \u00e0 Duperr\u00e9.Je d\u00e9cide de me consacrer \u00e0 la peinture \u00e0 partir de 1984.&nbsp; En 1996 je reprends une formation \u00e0 Paris VIII o\u00f9 je fais une ma\u00eetrise d\u2019Arts Plastiques, pr\u00e9parant parall\u00e8lement le CAPES. Ma peinture subit alors un grand bouleversement et j\u2019entreprends un travail o\u00f9 le fond est &hellip; <\/p>\n<p class=\"link-more\"><a href=\"https:\/\/bernarduchene.org\/index.php\/construire\/\" class=\"more-link\">Continuer la lecture<span class=\"screen-reader-text\"> de &laquo;&nbsp;Construire&nbsp;&raquo;<\/span><\/a><\/p>\n","protected":false},"author":2,"featured_media":0,"parent":0,"menu_order":0,"comment_status":"closed","ping_status":"closed","template":"","meta":{"footnotes":""},"_links":{"self":[{"href":"https:\/\/bernarduchene.org\/index.php\/wp-json\/wp\/v2\/pages\/1071"}],"collection":[{"href":"https:\/\/bernarduchene.org\/index.php\/wp-json\/wp\/v2\/pages"}],"about":[{"href":"https:\/\/bernarduchene.org\/index.php\/wp-json\/wp\/v2\/types\/page"}],"author":[{"embeddable":true,"href":"https:\/\/bernarduchene.org\/index.php\/wp-json\/wp\/v2\/users\/2"}],"replies":[{"embeddable":true,"href":"https:\/\/bernarduchene.org\/index.php\/wp-json\/wp\/v2\/comments?post=1071"}],"version-history":[{"count":2,"href":"https:\/\/bernarduchene.org\/index.php\/wp-json\/wp\/v2\/pages\/1071\/revisions"}],"predecessor-version":[{"id":1074,"href":"https:\/\/bernarduchene.org\/index.php\/wp-json\/wp\/v2\/pages\/1071\/revisions\/1074"}],"wp:attachment":[{"href":"https:\/\/bernarduchene.org\/index.php\/wp-json\/wp\/v2\/media?parent=1071"}],"curies":[{"name":"wp","href":"https:\/\/api.w.org\/{rel}","templated":true}]}}