{"id":990,"date":"2024-04-10T21:43:12","date_gmt":"2024-04-10T19:43:12","guid":{"rendered":"http:\/\/bernarduchene.org\/?page_id=990"},"modified":"2024-04-11T10:24:25","modified_gmt":"2024-04-11T08:24:25","slug":"arbres","status":"publish","type":"page","link":"https:\/\/bernarduchene.org\/index.php\/arbres\/","title":{"rendered":"Arbres"},"content":{"rendered":"\n<pre class=\"wp-block-verse\">Je r\u00e9cup\u00e8re les carr\u00e9s de papier, je les couds pour cr\u00e9er de plus grands formats, je rencontre les arbres, mes dessins tentent de les comprendre, les traits ne compteront jamais autant de secondes qu'ils leur faut pour cro\u00eetre et vivre... Le temps pass\u00e9 sur le papier ne gardera qu'un souvenir, qu'une sensation...<br><\/pre>\n\n\n\n<figure class=\"wp-block-pullquote\"><blockquote><p><\/p><\/blockquote><\/figure>\n\n\n\n<figure class=\"wp-block-gallery has-nested-images columns-default is-cropped wp-block-gallery-1 is-layout-flex wp-block-gallery-is-layout-flex\"><\/figure>\n\n\n\n<p><\/p>\n\n\n<p>\r\n\t\t\t\t\t\n\r\n\t\t\t\t\t<!-- START UNITE GALLERY 1.7.62 -->\r\n\t\t\t\t\t\r\n\t\t\t\t\n\t\t\t<div id='unitegallery_24_1' class='unite-gallery' style='margin:0px auto;'>\n\t\t\t\t\n\n\t\t\t\t\t\t<img alt=\"Bouleau pleureur (50X38)\"\n\t\t\t\t\t\t     src=\"\" data-image=\"https:\/\/bernarduchene.org\/wp-content\/uploads\/2024\/04\/Bouleau-pleureur-1.jpg\"\n\t\t\t\t\t\t     data-thumb=\"https:\/\/bernarduchene.org\/wp-content\/uploads\/2024\/04\/Bouleau-pleureur-1-195x300.jpg\"\n\t\t\t\t\t\t     title=\"\"\n\t\t\t\t\t\t     style=\"display:none\">\n\n\t\t\t\t\t\t<img alt=\"LOlivier du Vatican (60X60)\"\n\t\t\t\t\t\t     src=\"\" data-image=\"https:\/\/bernarduchene.org\/wp-content\/uploads\/2024\/04\/LOlivier-du-Vatican-1.jpg\"\n\t\t\t\t\t\t     data-thumb=\"https:\/\/bernarduchene.org\/wp-content\/uploads\/2024\/04\/LOlivier-du-Vatican-1-300x300.jpg\"\n\t\t\t\t\t\t     title=\"\"\n\t\t\t\t\t\t     style=\"display:none\">\n\n\t\t\t\t\t\t<img alt=\"Rattacher (50X38)\"\n\t\t\t\t\t\t     src=\"\" data-image=\"https:\/\/bernarduchene.org\/wp-content\/uploads\/2024\/04\/Rattacher-1.jpg\"\n\t\t\t\t\t\t     data-thumb=\"https:\/\/bernarduchene.org\/wp-content\/uploads\/2024\/04\/Rattacher-1-300x226.jpg\"\n\t\t\t\t\t\t     title=\"\"\n\t\t\t\t\t\t     style=\"display:none\">\n\n\t\t\t\t\t\t<img alt=\"Arbre en triptyque (70X170)\"\n\t\t\t\t\t\t     src=\"\" data-image=\"https:\/\/bernarduchene.org\/wp-content\/uploads\/2024\/04\/Arbre-en-triptyque-1.jpg\"\n\t\t\t\t\t\t     data-thumb=\"https:\/\/bernarduchene.org\/wp-content\/uploads\/2024\/04\/Arbre-en-triptyque-1-144x300.jpg\"\n\t\t\t\t\t\t     title=\"\"\n\t\t\t\t\t\t     style=\"display:none\">\n\n\t\t\t\t\t\t<img alt=\"A Maulevrier (120X60)\"\n\t\t\t\t\t\t     src=\"\" data-image=\"https:\/\/bernarduchene.org\/wp-content\/uploads\/2024\/04\/A-Maulevrier.jpg\"\n\t\t\t\t\t\t     data-thumb=\"https:\/\/bernarduchene.org\/wp-content\/uploads\/2024\/04\/A-Maulevrier-154x300.jpg\"\n\t\t\t\t\t\t     title=\"\"\n\t\t\t\t\t\t     style=\"display:none\">\n\n\t\t\t\t\t\t<img alt=\"Neuf carr\u00e9s cousus (113X113)\"\n\t\t\t\t\t\t     src=\"\" data-image=\"https:\/\/bernarduchene.org\/wp-content\/uploads\/2024\/04\/Neuf-carres-cousus.jpg\"\n\t\t\t\t\t\t     data-thumb=\"https:\/\/bernarduchene.org\/wp-content\/uploads\/2024\/04\/Neuf-carres-cousus-300x300.jpg\"\n\t\t\t\t\t\t     title=\"\"\n\t\t\t\t\t\t     style=\"display:none\">\n\n\t\t\t\t\t\t<img alt=\"Une vie (76X113)\"\n\t\t\t\t\t\t     src=\"\" data-image=\"https:\/\/bernarduchene.org\/wp-content\/uploads\/2024\/04\/Une-vie-1.jpg\"\n\t\t\t\t\t\t     data-thumb=\"https:\/\/bernarduchene.org\/wp-content\/uploads\/2024\/04\/Une-vie-1-300x200.jpg\"\n\t\t\t\t\t\t     title=\"\"\n\t\t\t\t\t\t     style=\"display:none\">\n\n\t\t\t\t\t\t<img alt=\"En for\u00eat (30X30)\"\n\t\t\t\t\t\t     src=\"\" data-image=\"https:\/\/bernarduchene.org\/wp-content\/uploads\/2024\/04\/En-Foret.jpg\"\n\t\t\t\t\t\t     data-thumb=\"https:\/\/bernarduchene.org\/wp-content\/uploads\/2024\/04\/En-Foret-300x300.jpg\"\n\t\t\t\t\t\t     title=\"\"\n\t\t\t\t\t\t     style=\"display:none\">\n\n\t\t\t\t\t\t<img alt=\"Hiver \u00e0 Bourth (30X60)\"\n\t\t\t\t\t\t     src=\"\" data-image=\"https:\/\/bernarduchene.org\/wp-content\/uploads\/2024\/04\/Hiver-a-Bourth.jpg\"\n\t\t\t\t\t\t     data-thumb=\"https:\/\/bernarduchene.org\/wp-content\/uploads\/2024\/04\/Hiver-a-Bourth-149x300.jpg\"\n\t\t\t\t\t\t     title=\"\"\n\t\t\t\t\t\t     style=\"display:none\">\n\n\t\t\t\t\t\t<img alt=\"Le refuge (30X30)\"\n\t\t\t\t\t\t     src=\"\" data-image=\"https:\/\/bernarduchene.org\/wp-content\/uploads\/2024\/04\/Le-Refuge-1.jpg\"\n\t\t\t\t\t\t     data-thumb=\"https:\/\/bernarduchene.org\/wp-content\/uploads\/2024\/04\/Le-Refuge-1-300x300.jpg\"\n\t\t\t\t\t\t     title=\"\"\n\t\t\t\t\t\t     style=\"display:none\">\n\t\t\t<\/div>\n\n\t\t\t<script type='text\/javascript'>\n\t\t\t\twindow.onload = function(e) {\n\t\t\t\t\tif(typeof ugCheckForErrors == \"undefined\"){\n\t\t\t\t\t\tdocument.getElementById(\"unitegallery_24_1\").innerHTML = \"<span style='color:red'>Unite Gallery Error - gallery js and css files not included in the footer. Please make sure that wp_footer() function is added to your theme.<\/span>\";}\n\t\t\t\t\telse{ ugCheckForErrors(\"unitegallery_24_1\", \"jquery\");}\n\t\t\t\t};\n\t\t\t<\/script>\n\n\t\t\t<!-- END UNITEGALLERY --><\/p>\n\n\n\n<figure class=\"wp-block-gallery has-nested-images columns-default is-cropped wp-block-gallery-2 is-layout-flex wp-block-gallery-is-layout-flex\">\n<figure class=\"wp-block-image size-large\"><img loading=\"lazy\" decoding=\"async\" width=\"800\" height=\"800\" data-id=\"999\" src=\"https:\/\/bernarduchene.org\/wp-content\/uploads\/2024\/04\/Le-Refuge-1.jpg\" alt=\"\" class=\"wp-image-999\" srcset=\"https:\/\/bernarduchene.org\/wp-content\/uploads\/2024\/04\/Le-Refuge-1.jpg 800w, https:\/\/bernarduchene.org\/wp-content\/uploads\/2024\/04\/Le-Refuge-1-300x300.jpg 300w, https:\/\/bernarduchene.org\/wp-content\/uploads\/2024\/04\/Le-Refuge-1-150x150.jpg 150w, https:\/\/bernarduchene.org\/wp-content\/uploads\/2024\/04\/Le-Refuge-1-768x768.jpg 768w, https:\/\/bernarduchene.org\/wp-content\/uploads\/2024\/04\/Le-Refuge-1-100x100.jpg 100w\" sizes=\"(max-width: 767px) 89vw, (max-width: 1000px) 54vw, (max-width: 1071px) 543px, 580px\" \/><figcaption class=\"wp-element-caption\">Le refuge<\/figcaption><\/figure>\n<\/figure>\n\n\n\n<p><\/p>\n\n\n\n<figure class=\"wp-block-gallery has-nested-images columns-default is-cropped wp-block-gallery-3 is-layout-flex wp-block-gallery-is-layout-flex\"><\/figure>\n\n\n\n<p><\/p>\n\n\n\n<p><\/p>\n\n\n\n<p><\/p>\n\n\n\n<p><\/p>\n\n\n\n<p><\/p>\n\n\n\n<p><\/p>\n\n\n\n<figure class=\"wp-block-gallery has-nested-images columns-default is-cropped wp-block-gallery-4 is-layout-flex wp-block-gallery-is-layout-flex\"><\/figure>\n\n\n\n<p><\/p>\n\n\n\n<p><\/p>\n\n\n\n<p><\/p>\n\n\n\n<figure class=\"wp-block-gallery has-nested-images columns-default is-cropped wp-block-gallery-5 is-layout-flex wp-block-gallery-is-layout-flex\"><\/figure>\n\n\n\n<p><\/p>\n\n\n\n<p><\/p>\n\n\n\n<p><\/p>\n\n\n\n<p><\/p>\n\n\n\n<p><\/p>\n\n\n\n<p><\/p>\n\n\n\n<p><\/p>\n\n\n\n<p><\/p>\n\n\n\n<p><\/p>\n\n\n\n<p><\/p>\n\n\n\n<p><\/p>\n\n\n\n<p><\/p>\n\n\n\n<p><\/p>\n\n\n\n<p><\/p>\n\n\n\n<p><\/p>\n","protected":false},"excerpt":{"rendered":"<p>Je r\u00e9cup\u00e8re les carr\u00e9s de papier, je les couds pour cr\u00e9er de plus grands formats, je rencontre les arbres, mes dessins tentent de les comprendre, les traits ne compteront jamais autant de secondes qu&rsquo;ils leur faut pour cro\u00eetre et vivre&#8230; Le temps pass\u00e9 sur le papier ne gardera qu&rsquo;un souvenir, qu&rsquo;une sensation&#8230;<\/p>\n","protected":false},"author":2,"featured_media":0,"parent":0,"menu_order":0,"comment_status":"closed","ping_status":"closed","template":"","meta":{"footnotes":""},"_links":{"self":[{"href":"https:\/\/bernarduchene.org\/index.php\/wp-json\/wp\/v2\/pages\/990"}],"collection":[{"href":"https:\/\/bernarduchene.org\/index.php\/wp-json\/wp\/v2\/pages"}],"about":[{"href":"https:\/\/bernarduchene.org\/index.php\/wp-json\/wp\/v2\/types\/page"}],"author":[{"embeddable":true,"href":"https:\/\/bernarduchene.org\/index.php\/wp-json\/wp\/v2\/users\/2"}],"replies":[{"embeddable":true,"href":"https:\/\/bernarduchene.org\/index.php\/wp-json\/wp\/v2\/comments?post=990"}],"version-history":[{"count":20,"href":"https:\/\/bernarduchene.org\/index.php\/wp-json\/wp\/v2\/pages\/990\/revisions"}],"predecessor-version":[{"id":1036,"href":"https:\/\/bernarduchene.org\/index.php\/wp-json\/wp\/v2\/pages\/990\/revisions\/1036"}],"wp:attachment":[{"href":"https:\/\/bernarduchene.org\/index.php\/wp-json\/wp\/v2\/media?parent=990"}],"curies":[{"name":"wp","href":"https:\/\/api.w.org\/{rel}","templated":true}]}}